{"id":575,"date":"2019-05-13T21:54:45","date_gmt":"2019-05-13T21:54:45","guid":{"rendered":"http:\/\/wpnetwork.extensions.wsu.edu\/postharvest-systems\/?page_id=4"},"modified":"2023-10-02T07:21:48","modified_gmt":"2023-10-02T14:21:48","slug":"carolinatorres","status":"publish","type":"page","link":"https:\/\/tfrec.cahnrs.wsu.edu\/postharvest-systems\/","title":{"rendered":"Dr. Carolina Torres"},"content":{"rendered":"<div class=\"wsu-row wsu-row--sidebar-right\" >\r\n    \n<div class=\"wsu-column\"  style=\"\">\r\n\t\n\n<h3 class=\"wp-block-heading\">Program Leader <\/h3>\n\n\n\n<p>Dr. Carolina Torres is an Endowed Chair in Tree Fruit Postharvest Systems. Her research program focus is on Washington apples, pears and cherries. Areas of research include abiotic stress and climate effect on fruit quality and storage disorders, fruit physiology and biochemistry, handling technologies, and postharvest systems to optimize fruit quality throughout the supply chain.<\/p>\n\n\n\n<p><a href=\"https:\/\/www.researchgate.net\/profile\/Carolina-Torres-5\">Researchgate page&nbsp;<\/a><\/p>\n\n\n\n<p><a href=\"https:\/\/scholar.google.com\/citations?user=RL0HivoAAAAJ&amp;hl=en\">Google scholar profile<\/a><\/p>\n\n\n<div class=\"wp-block-image\">\n<figure class=\"aligncenter size-full\"><img decoding=\"async\" loading=\"lazy\" width=\"300\" height=\"115\" src=\"https:\/\/wpcdn.web.wsu.edu\/cahnrs\/uploads\/sites\/36\/endowment-wht-bk-300x115-1.jpg\" alt=\"\" class=\"wp-image-530\"\/><\/figure><\/div>\n\n\n<div style=\"height:20px\" aria-hidden=\"true\" class=\"wp-block-spacer\"><\/div>\n\n\n\n<h2 class=\"wp-block-heading\">Recent Publications<\/h2>\n\n\n\n<ol>\n<li>Lwin HP,&nbsp;<strong>Torres CA<\/strong>, Rudell D, Lee J. 2023.&nbsp;<a href=\"https:\/\/www.sciencedirect.com\/science\/article\/pii\/S0304423823004922\">Chilling-related browning of \u2018Wonhwang\u2019pear cortex is associated with the alteration of minerals and metabolism<\/a>. Scientia Horticulturae 321, 112321<\/li>\n\n\n\n<li><strong>Torres CA<\/strong>, Sepulveda G. 2023.&nbsp;<a href=\"https:\/\/www.sciencedirect.com\/science\/article\/pii\/S092552142300220X\">Phyto-squalane: A new active ingredient to prevent superficial scald on pears<\/a>. Postharvest Biology and Technology 204, 112459<\/li>\n\n\n\n<li>El-Kereamy A, Caruso M,&nbsp;<strong>Torres CA<\/strong>, Cavaco AM. 2023.&nbsp;<a href=\"https:\/\/www.ncbi.nlm.nih.gov\/pmc\/articles\/PMC10411334\/\">Recent advancements on the development and ripening of Mediterranean fruits and tree crops<\/a>. Frontiers in Plant Science 14<\/li>\n\n\n\n<li><strong>Torres CA<\/strong>, Figueroa CR. 2023.&nbsp;<a href=\"https:\/\/link.springer.com\/chapter\/10.1007\/978-981-19-4941-8_6\">The Role of Plant Hormones in Fruit Response to Photooxidative and Heat Stress<\/a>. Plant Hormones and Climate Change, 125-144<\/li>\n\n\n\n<li>Yoo J, Sepulveda G, Rudell D,<strong>&nbsp;Torres CA.&nbsp;<\/strong>2023.&nbsp;<a href=\"https:\/\/www.sciencedirect.com\/science\/article\/pii\/S0925521422003210\">Comparative analysis of metabolic differences between sunburn and sunscald disorder on\u2019Packham\u2019s triumph\u2019pear.<\/a>&nbsp;Postharvest Biology and Technology 195, 112153<\/li>\n\n\n\n<li><strong>Torres, C.A<\/strong>., Mogollon, R. 2022. <a href=\"https:\/\/www.sciencedirect.com\/science\/article\/abs\/pii\/S092552142100315X?via%3Dihub#!\">Characterization of sun-injury and prediction of sunscald on \u2018Packham\u2019s Triumph\u2019 pears using Vis-NIR spectroscopy<\/a>. Postharvest Biology and Technology 184, 111776, <a href=\"https:\/\/doi.org\/10.1016\/j.postharvbio.2021.111776\">https:\/\/doi.org\/10.1016\/j.postharvbio.2021.111776<\/a><\/li>\n\n\n\n<li>Sanchez-Contreras, J., Rudell, D., Mattheis, J., <strong>Torres, C.A<\/strong>. 2021. <a href=\"https:\/\/www.sciencedirect.com\/science\/article\/pii\/S0925521421001629\">Sphingolipids associated with flesh browning onset and development in \u2018Cripps Pink\u2019 apples (Malus domestica Borkh.)<\/a>. Postharvest Biology and Technology 180, 111623, <a href=\"https:\/\/doi.org\/10.1016\/j.postharvbio.2021.111623\">https:\/\/doi.org\/10.1016\/j.postharvbio.2021.111623<\/a>.3<\/li>\n\n\n\n<li>Figueroa, C. R., Jiang Cai-Zhong, <strong>Torres, C.A.<\/strong>, Fortes A.M., Alkan N. 2021. <a href=\"https:\/\/www.frontiersin.org\/article\/10.3389\/fpls.2021.71145\">Editorial: Regulation of Fruit Ripening and Senescence<\/a>. Frontiers in Plant Science 12, <a href=\"https:\/\/doi.org\/10.3389\/fpls.2021.711458\">https:\/\/doi.org\/10.3389\/fpls.2021.711458<\/a><\/li>\n\n\n\n<li>Concha-Meyer, A., Sep\u00falveda, G., P\u00e9rez-D\u00edaz, R., <strong>Torres, C.A.<\/strong> 2021. <a href=\"https:\/\/www.sciencedirect.com\/science\/article\/abs\/pii\/S0023643821010732?via%3Dihub\">Effect of preservation processing on quality attributes and phenolic profile of maqui (<em>Aristotelia chilensis<\/em> mol. Stuntz) fruit.<\/a> LWT 149, 111920, <a href=\"https:\/\/doi.org\/10.1016\/j.lwt.2021.111920\">https:\/\/doi.org\/10.1016\/j.lwt.2021.111920<\/a>.<\/li>\n\n\n\n<li><strong>Torres, C.A.,<\/strong> Sepulveda, G., Mejia, N., Defilippi, B.G., Larrigaudiere, C. 2021. <a href=\"https:\/\/www.sciencedirect.com\/science\/article\/abs\/pii\/S0925521420309716?via%3Dihub\">Understanding the key preharvest factors determining \u2018Packham\u2019s Triumph\u2019 pear heterogeneity and impact in superficial scald development and control<\/a>. Postharvest Biology and Technology 172, 111399, <a href=\"https:\/\/doi.org\/10.1016\/j.postharvbio.2020.111399\">https:\/\/doi.org\/10.1016\/j.postharvbio.2020.111399<\/a><\/li>\n\n\n\n<li>McTavish, C.K., Poirier, B.C., <strong>Torres, C.A<\/strong>., Mattheis, J.P., Rudell, D.R. 2020. <a href=\"https:\/\/www.sciencedirect.com\/science\/article\/abs\/pii\/S0925521419313195?via%3Dihub\">A convergence of sunlight and cold chain: The influence of sun exposure on T postharvest apple peel metabolism.<\/a> Postharvest Biology and Technology 164, 111164.<a href=\"https:\/\/doi.org\/10.1016\/j.postharvbio.2020.111164\"> https:\/\/doi.org\/10.1016\/j.postharvbio.2020.111164.<\/a><\/li>\n\n\n\n<li><strong>Torres C.A.,<\/strong> C. Azocar, Perez-Diaz, R., Ramos P., Sep\u00falveda G., Moya-Leon M.A. 2020. <a href=\"https:\/\/www.nature.com\/articles\/s41438-020-0244-1\">Photooxidative Stress Activates A Complex Multigenic Response Integrating Ethylene and Phenylpropanoids Pathways on apples<\/a>. Horticulture Research, 7-22. <a href=\"https:\/\/doi.org\/10.1038\/s41438-020-0244-1\">https:\/\/doi.org\/10.1038\/s41438-020-0244-1<\/a><\/li>\n\n\n\n<li>Morales-Quintana L., Waite J., Kalcsits L., <strong>Torres C.A.<\/strong>, Ramos P. <a href=\"https:\/\/www.sciencedirect.com\/science\/article\/abs\/pii\/S0304423819307526?via%3Dihub\">Sun injury on apple fruit: physiological, biochemical and molecular advances, and future challenges<\/a>. 2020. Scientia Horticulturae 260, 108866. <a href=\"https:\/\/doi.org\/10.1016\/j.scienta.2019.108866\">https:\/\/doi.org\/10.1016\/j.scienta.2019.108866<\/a><\/li>\n\n\n\n<li>Yuri J., Moggia C., Sepulveda A., Poblete-Echeverria C., Valdes-Gomez H., <strong>Torres, C.A<\/strong>. <a href=\"https:\/\/www.sciencedirect.com\/science\/article\/abs\/pii\/S0304423819302687?via%3Dihub\">Effect of cultivar, rootstock, and growing conditions on fruit maturity and postharvest quality as part of a six-year apple trial in Chile.<\/a> 2019. Scientia Horticulturae 253: 70-79. <a href=\"https:\/\/doi.org\/10.1016\/j.scienta.2019.04.020\">https:\/\/doi.org\/10.1016\/j.scienta.2019.04.020<\/a><\/li>\n\n\n\n<li>Sanchez-Contreras, J., <strong>Torres, C. A<\/strong>., Hertog, M.L.A.T.M. (2019). <a href=\"https:\/\/www.actahort.org\/members\/showpdf?booknrarnr=1256_29\">Optimization of external Vis\/NIR reflectance measurements to predict internal browning on &#8216;Cripps Pink&#8217; apples<\/a>. Acta Horticulturae, 1256, 211-216.&nbsp; <a href=\"http:\/\/DOI 10.17660\/ActaHortic.2019.1256.29\">DOI 10.17660\/ActaHortic.2019.1256.29<\/a><\/li>\n\n\n\n<li><strong>Torres, C.A<\/strong>., Valdivia, A., Jorquera, G., Hernandez, O. (2019). <a href=\"https:\/\/www.actahort.org\/books\/1256\/1256_10.htm\">The use of DA meter to assess apple and pear maturity in Chile<\/a>. Acta Horticulturae, 1256, 63-70.&nbsp;<a href=\"http:\/\/dx.doi.org\/10.17660\/ActaHortic.2019.1256.10\">10.17660\/ActaHortic.2019.1256.10<\/a><\/li>\n\n\n\n<li><strong>Torres, C<\/strong>.A., Sepulveda, G., Concha-Meyer A. <a href=\"https:\/\/onlinelibrary.wiley.com\/doi\/10.1002\/jsfa.9467\">Effect of processing on quality attributes and phenolic profile of quince dried bar snack<\/a>. 2019. Journal of the Science of Food and Agriculture 99(5): 2556-2564.&nbsp; <a href=\"https:\/\/doi.org\/10.1002\/jsfa.9467\">https:\/\/doi.org\/10.1002\/jsfa.9467<\/a><\/li>\n\n\n\n<li>Concha-meyer A., Grandon S., Sep\u00falveda G., Diaz R., Yuri J., <strong>Torres C.A.<\/strong>&nbsp;<a href=\"https:\/\/www.sciencedirect.com\/science\/article\/abs\/pii\/S0308814619308349?via%3Dihub\">Pesticide residues quantification in frozen fruit and vegetables in Chilean domestic market using QuEChERS extraction with ultra-high-performance liquid chromatography electrospray ionization Orbitrap mass spectrometry<\/a>. 2019. Food Chemistry 295: 64-71. <a href=\"https:\/\/doi.org\/10.1016\/j.foodchem.2019.05.046\">https:\/\/doi.org\/10.1016\/j.foodchem.2019.05.046<\/a><\/li>\n\n\n\n<li>Grandon, S., Sanchez-Contreras, J.,<strong> Torres, C.A. <\/strong><a href=\"https:\/\/www.sciencedirect.com\/science\/article\/abs\/pii\/S0925521418308068?via%3Dihub\">Prediction models for sunscald on apples (Malus domestica Borkh.) cv. Granny Smith using Vis-NIR reflectance<\/a>. 2019. Postharvest Biology and Technology 151: 36-44. <a href=\"https:\/\/doi.org\/10.1016\/j.postharvbio.2019.01.012\">https:\/\/doi.org\/10.1016\/j.postharvbio.2019.01.012<\/a><\/li>\n<\/ol>\n\n<\/div>\r\n\n\n<div class=\"wsu-column\"  style=\"\">\r\n\t\n<div \n\tclass=\"wsu-people-list \"\n\tdata-component-id=\"fc0d078970ec48619c142edc51325048\"\n\t\t\t\t\t\t\t\t\t\t\t\n\t\t\tdata-className=\"\"\n\t\t\t\t\t\t\t\t\t\t\t\t\n\t\t\tdata-count=\"10\"\n\t\t\t\t\t\t\t\t\t\t\t\t\n\t\t\tdata-page=\"1\"\n\t\t\t\t\t\t\t\t\t\t\t\t\n\t\t\tdata-nid=\"ctorres\"\n\t\t\t\t\t\t\t\t\t\t\t\t\n\t\t\tdata-classification=\"\"\n\t\t\t\t\t\t\t\t\t\t\t\t\n\t\t\tdata-university-category=\"\"\n\t\t\t\t\t\t\t\t\t\t\t\t\n\t\t\tdata-university-location=\"\"\n\t\t\t\t\t\t\t\t\t\t\t\t\n\t\t\tdata-university-organization=\"\"\n\t\t\t\t\t\t\t\t\t\t\t\t\n\t\t\tdata-tag=\"\"\n\t\t\t\t\t\t\t\t\t\t\t\t\n\t\t\tdata-profile-order=\"\"\n\t\t\t\t\t\t\t\t\t\t\t\t\n\t\t\tdata-display-fields=\"photo,name,title,office,email,phone\"\n\t\t\t\t\t\t\t\t\t\t\t\t\n\t\t\tdata-focus-area-label=\"Focus Area\"\n\t\t\t\t\t\t\t\t\t\t\t\t\n\t\t\tdata-website-link-text=\"Website\"\n\t\t\t\t\t\t\t\t\t\t\t\t\n\t\t\tdata-profile-link=\"\"\n\t\t\t\t\t\t\t\t\t\t\t\t\n\t\t\tdata-headingTag=\"h2\"\n\t\t\t\t\t\t\t\t\t\t\t\t\n\t\t\tdata-columns=\"1\"\n\t\t\t\t\t\t\t\t\t\t\t\t\n\t\t\tdata-photo-size=\"medium\"\n\t\t\t\t\t\t\t\t\t\t\t\t\n\t\t\tdata-photo-srcset=\"\"\n\t\t\t\t\t\t\t\t\t\t\t\t\n\t\t\tdata-filters=\"\"\n\t\t\t\t\t\t\t\t\t\t\t\t\n\t\t\tdata-only-show-selected-term-values=\"\"\n\t\t\t\t\t\t\t\t\t\t\t\t\n\t\t\tdata-exclude-term-values=\"\"\n\t\t\t\t\t\t\t\t\t\t\t\t\n\t\t\tdata-include-term-values=\"\"\n\t\t\t\t\t\t\t\t\t\t\t\t\n\t\t\tdata-directory-filter-label=\"Filter by Area\"\n\t\t\t\t\t\t\t\t\t\t\t\t\n\t\t\tdata-directory-filter-terms=\"\"\n\t\t\t\t\t\t\t\t\t\t\t\t\n\t\t\tdata-category-filter-label=\"Filter by Category\"\n\t\t\t\t\t\t\t\t\t\t\t\t\n\t\t\tdata-category-filter-terms=\"\"\n\t\t\t\t\t\t\t\t\t\t\t\t\n\t\t\tdata-classification-filter-label=\"Filter by Classification\"\n\t\t\t\t\t\t\t\t\t\t\t\t\n\t\t\tdata-classification-filter-terms=\"\"\n\t\t\t\t\t\t\t\t\t\t\t\t\n\t\t\tdata-location-filter-label=\"Filter by Location\"\n\t\t\t\t\t\t\t\t\t\t\t\t\n\t\t\tdata-location-filter-terms=\"\"\n\t\t\t\t\t\t\t\t\t\t\t\t\n\t\t\tdata-organization-filter-label=\"Filter by Organization\"\n\t\t\t\t\t\t\t\t\t\t\t\t\n\t\t\tdata-organization-filter-terms=\"\"\n\t\t\t\t\t\t\t\t\t\t\t\t\n\t\t\tdata-search-filter-label=\"Type to search\"\n\t\t\t\t\t\t\t\t\t\t\t\t\n\t\t\tdata-tag-filter-label=\"Filter by Tag\"\n\t\t\t\t\t\t\t\t\t\t\t\t\n\t\t\tdata-tag-filter-terms=\"\"\n\t\t\t\t\t\t\t\t\t\t\t\t\n\t\t\tdata-directory=\"\"\n\t\t\t\t\t\t\t\t\t\t\t\t\n\t\t\tdata-exclude-child-directories=\"1\"\n\t\t\t\t\t\t\t\t\t\t\t\t\n\t\t\tdata-show-profile=\"\"\n\t\t\t\t\t\t\t\t\t\t\t\t\n\t\t\tdata-indexProfiles=\"\"\n\t\t\t\t\t\t\t\t\t\t\t\t\n\t\t\tdata-use-custom-profile-link=\"\"\n\t\t\t\t\t\t\t\t\t\t\t\t\n\t\t\tdata-use-organization=\"\"\n\t\t\t\t\t\t\t\t\t\t\t\t\n\t\t\tdata-custom-profile-link=\"\"\n\t\t\t\t\t\t\t\t\t\t\t\t\n\t\t\tdata-base-url=\"https:\/\/people.wsu.edu\"\n\t\t\t\t\t\t\t\t\t\t\t\t\n\t\t\tdata-children=\"\"\n\t\t><\/div>\n\n<\/div>\r\n\n<\/div>\n\n\n<h2 class=\"wp-block-heading\">Extension Publications<\/h2>\n\n\n\n<ol>\n<li>Hanrahan, I.,<strong> Torres, C.A. <\/strong>WA38 Defect guide\/WA 38 Common Defects and Unique Characteristics Near Harvest and During Storage. August 2020. <a href=\"http:\/\/treefruit.wsu.edu\/wa-38-defects-guide\/?print-view=true\">http:\/\/treefruit.wsu.edu\/wa-38-defects-guide\/?print-view=true<\/a><\/li>\n\n\n\n<li>Hanrahan, I.,<strong> Torres, C.A. <\/strong>Recommended Harvest Criteria for commercial WA-38 Storage in 2020. July 2020. <a href=\"http:\/\/s3-us-west-2.amazonaws.com\/treefruit.wsu.edu\/wp-content\/uploads\/2020\/08\/10083621\/Commercial_WA38_storage_harvest_criteria_2020.pdf\">http:\/\/s3-us-west-2.amazonaws.com\/treefruit.wsu.edu\/wp-content\/uploads\/2020\/08\/10083621\/Commercial_WA38_storage_harvest_criteria_2020.pdf<\/a><\/li>\n\n\n\n<li><strong>Torres, CA., <\/strong>Gomez, R. WA38 First commercial season (2019-2020), storage and packing observations. Fruit Matters, June 2020. <a href=\"http:\/\/treefruit.wsu.edu\/article\/wa-38-storage-and-packing-observations-cs1\/\">http:\/\/treefruit.wsu.edu\/article\/wa-38-storage-and-packing-observations-cs1\/<\/a><\/li>\n\n\n\n<li><strong>Torres, C. A<\/strong>., Sepulveda, G. (2019). Estrategias de almacenaje para reducir el pardeamiento interno en manzanas cv. Cripps Pink. Revista Frut\u00edcola, 41(2): 55-59. <a href=\"https:\/\/www.copefrut.com\/wp-content\/themes\/copefrut\/img\/revistas\/2019_N2.pdf\">https:\/\/www.copefrut.com\/wp-content\/themes\/copefrut\/img\/revistas\/2019_N2.pdf<\/a><\/li>\n<\/ol>\n\n\n\n<h2 class=\"wp-block-heading\">Media<\/h2>\n\n\n\n<ol>\n<li>Washington Grown TV show (Season 10, Episode 12).&nbsp;<a href=\"https:\/\/www.wagrown.com\/watch-the-show-all\/season-10\/item\/apples-in-bloom\">Apples in blomm<\/a>. 2023.<\/li>\n\n\n\n<li>Good Fruit Grower.&nbsp;<a href=\"https:\/\/www.goodfruit.com\/torres-new-alternative-for-superficial-scald\/\">New alternative for superficial scald<\/a>. Jan 18,2022<\/li>\n\n\n\n<li>Cornish Apple Trees.&nbsp;<a href=\"https:\/\/cornishappletrees.co.uk\/2021\/12\/09\/grower-concerns-research-stats-punctuate-cosmic-crisp-session\">Grower Concerns, Research, Stats Punctuate Cosmic Crisp Session<\/a>, Dec. 9, 2021.<\/li>\n\n\n\n<li>Good Fruit Grower. <a href=\"https:\/\/www.goodfruit.com\/grower-concerns-research-stats-punctuate-cosmic-crisp-session\/\">Grower concerns, research, stats punctuate Cosmic Crisp session<\/a>. Dec 8, 2021.<\/li>\n\n\n\n<li>Yakima Herald. <a href=\"https:\/\/www.yakimaherald.com\/news\/local\/cosmic-crisp-apples-make-their-earliest-appearance-yet-in-stores\/article_dfc3dc87-1159-56f7-90aa-99ecfd610e98.html\">Cosmic Crisp apples make their earliest appearance yet in stores<\/a>. Nov 8, 2021<\/li>\n\n\n\n<li>WSU INSIDER. <a href=\"https:\/\/news.wsu.edu\/press-release\/2021\/11\/02\/gorgeous-2021-crop-of-wsus-cosmic-crisp-apples-will-hit-stores-early\/\">WSU\u2019s Cosmic Crisp\u00ae apples will hit stores early this year<\/a>. Nov 2, 2021<\/li>\n\n\n\n<li>Good Fruit Grower. <a href=\"https:\/\/www.goodfruit.com\/just-how-hot-is-it\/\">Just how hot is it as growers keep their cool?<\/a>. Oct 19,2021<\/li>\n\n\n\n<li>Good Fruit Grower. <a href=\"https:\/\/www.goodfruit.com\/timing-is-everything-for-cosmic-crisp\/\">Timing is everything for Cosmic Crisp<\/a>. Sept 14, 2021<\/li>\n\n\n\n<li>WSU INSIDER. <a href=\"https:\/\/news.wsu.edu\/press-release\/2021\/07\/07\/thermal-sensors-save-apples-sunburn-conserve-water-energy\/\">Helping save apples from sunburn<\/a>. Jul 7, 2021<\/li>\n\n\n\n<li>Good Fruit Grower. <a href=\"https:\/\/www.goodfruit.com\/sophomore-slump-for-cosmic-crisp\/\">Sophomore slump for Cosmic Crisp?<\/a>. May 5, 2021<\/li>\n\n\n\n<li>Good Fruit Grower, <a href=\"https:\/\/www.goodfruit.com\/optical-advantage-for-fruit-quality-research\/\">Optical advantage for fruit quality research<\/a>, Jan 26, 2021.<\/li>\n\n\n\n<li>Good Fruit Grower, <a href=\"https:\/\/www.goodfruit.com\/hotter-climate-alters-the-cold-chain\/\">Hotter climate alters the cold chain<\/a>, Jan 23, 2020.<\/li>\n\n\n\n<li>Good Fruit Grower, <a href=\"https:\/\/www.goodfruit.com\/hot-start-continues-for-cosmic-crisp\/\">Hot start continues for Cosmic Crisp<\/a>, Jun 23, 2020.<\/li>\n\n\n\n<li>Good Fruit Grower, <a href=\"https:\/\/www.goodfruit.com\/packing-performance-good-for-first-cosmic-crisp\/\">Packing performance good for first Cosmic Crisp<\/a>, Feb 11, 2020.<\/li>\n\n\n\n<li>Good Fruit Grower, <a href=\"https:\/\/www.goodfruit.com\/sun-stress-has-growers-sun-wary\/\">Sun stress has growers sun wary<\/a>, Jan 23, 2020.<\/li>\n\n\n\n<li>Good Fruit Grower [VIDEO], <a href=\"https:\/\/www.youtube.com\/watch?v=9wlobqjg66w\">How to predict sunburn damage,<\/a> Aug 2, 2017.<\/li>\n<\/ol>\n","protected":false},"excerpt":{"rendered":"<p>Program Leader Dr. Carolina Torres is an Endowed Chair in Tree Fruit Postharvest Systems. Her research program focus is on Washington apples, pears and cherries. Areas of research include abiotic stress and climate effect on fruit quality and storage disorders, fruit physiology and biochemistry, handling technologies, and postharvest systems to optimize fruit quality throughout the&hellip;<\/p>\n","protected":false},"author":0,"featured_media":0,"parent":0,"menu_order":0,"comment_status":"closed","ping_status":"closed","template":"","meta":[],"categories":[],"tags":[],"_links":{"self":[{"href":"https:\/\/tfrec.cahnrs.wsu.edu\/postharvest-systems\/wp-json\/wp\/v2\/pages\/575"}],"collection":[{"href":"https:\/\/tfrec.cahnrs.wsu.edu\/postharvest-systems\/wp-json\/wp\/v2\/pages"}],"about":[{"href":"https:\/\/tfrec.cahnrs.wsu.edu\/postharvest-systems\/wp-json\/wp\/v2\/types\/page"}],"replies":[{"embeddable":true,"href":"https:\/\/tfrec.cahnrs.wsu.edu\/postharvest-systems\/wp-json\/wp\/v2\/comments?post=575"}],"version-history":[{"count":7,"href":"https:\/\/tfrec.cahnrs.wsu.edu\/postharvest-systems\/wp-json\/wp\/v2\/pages\/575\/revisions"}],"predecessor-version":[{"id":624,"href":"https:\/\/tfrec.cahnrs.wsu.edu\/postharvest-systems\/wp-json\/wp\/v2\/pages\/575\/revisions\/624"}],"wp:attachment":[{"href":"https:\/\/tfrec.cahnrs.wsu.edu\/postharvest-systems\/wp-json\/wp\/v2\/media?parent=575"}],"wp:term":[{"taxonomy":"category","embeddable":true,"href":"https:\/\/tfrec.cahnrs.wsu.edu\/postharvest-systems\/wp-json\/wp\/v2\/categories?post=575"},{"taxonomy":"post_tag","embeddable":true,"href":"https:\/\/tfrec.cahnrs.wsu.edu\/postharvest-systems\/wp-json\/wp\/v2\/tags?post=575"}],"curies":[{"name":"wp","href":"https:\/\/api.w.org\/{rel}","templated":true}]}}